{"id":918,"date":"2026-04-15T16:30:03","date_gmt":"2026-04-15T14:30:03","guid":{"rendered":"https:\/\/baltykart.pl\/?page_id=918"},"modified":"2026-04-16T14:26:41","modified_gmt":"2026-04-16T12:26:41","slug":"oferta-cennik","status":"publish","type":"page","link":"https:\/\/baltykart.pl\/?page_id=918","title":{"rendered":"Oferta \/Cennik"},"content":{"rendered":"<h1>skontaktuj si\u0119 z nami w celu nabycia obraz\u00f3w&nbsp;&nbsp;<\/h1>\n<p><a data-tcb_hover_state_parent=\"\" href=\"#tve-jump-1704356f4a7\" jump-animation=\"smooth\" style=\"outline: none;\">Galeria111.pl<\/a><\/p>\n<p><a data-tcb_hover_state_parent=\"\" href=\"#tve-jump-1704475b081\" jump-animation=\"smooth\" style=\"outline: none;\"><\/a>baltkart@gmail.com<\/p>\n<p><a data-tcb_hover_state_parent=\"\" href=\"#tve-jump-17043a5d376\" jump-animation=\"smooth\" style=\"outline: none;\"><\/a>tel: +48 601 70 47 91<\/p>\n<h2 style=\"\">Janusz Kokot<\/h2>\n<p><span style=\"\"><img decoding=\"async\" alt=\"\" data-id=\"933\" width=\"538\" data-init-width=\"1600\" height=\"381\" data-init-height=\"1132\" title=\"J Kokot zasnierzone Pole\" src=\"\/\/baltykart.pl\/wp-content\/uploads\/2026\/04\/J-Kokot-zasnierzone-Pole.jpg\" data-width=\"538\" data-height=\"381\" style=\"aspect-ratio: auto 1600 \/ 1132;\" ml-d=\"-2\" mt-d=\"0\" center-h-d=\"false\" loading=\"lazy\"><\/span><\/p>\n<p>&#8222;Pole&#8221;,2026-pastel olejny, 70\/100 cm (w ramie 81 x110 cm) &nbsp; &nbsp; &nbsp; &nbsp; &nbsp; &nbsp; &nbsp; &nbsp; &nbsp; &nbsp; &nbsp; &nbsp; &nbsp; &nbsp; &nbsp; &nbsp; &nbsp; &nbsp; &nbsp; &nbsp; &nbsp; &nbsp; &nbsp; &nbsp;<strong>Cena &nbsp;7000 PLN.<\/strong><\/p>\n<p><span><img decoding=\"async\" alt=\"\" data-id=\"932\" width=\"533\" data-init-width=\"720\" height=\"379\" data-init-height=\"512\" title=\"cycat w\u0142sciwy\" src=\"\/\/baltykart.pl\/wp-content\/uploads\/2026\/04\/cycat-wlsciwy.jpg\" data-width=\"533\" data-height=\"379\" style=\"aspect-ratio: auto 720 \/ 512;\" loading=\"lazy\"><\/span><\/p>\n<p>&#8222;Cytat z Claesza&#8221; 2024-pastel olejny ,70 \/100 cm, (obraz w ramie) &nbsp; &nbsp; &nbsp; &nbsp; &nbsp; &nbsp; &nbsp; &nbsp; &nbsp; &nbsp; &nbsp; &nbsp; &nbsp; &nbsp; &nbsp; &nbsp; <strong>Cena 7000 PLN. <\/strong><\/p>\n<p><span style=\"\"><img decoding=\"async\" alt=\"\" data-id=\"934\" width=\"283\" data-init-width=\"959\" height=\"283\" data-init-height=\"960\" title=\"JK12\" src=\"\/\/baltykart.pl\/wp-content\/uploads\/2026\/04\/JK12.jpg\" data-width=\"283\" data-height=\"283\" style=\"aspect-ratio: auto 959 \/ 960;\" mt-d=\"0\" ml-d=\"-2\" center-v-d=\"false\" center-h-d=\"false\" loading=\"lazy\"><\/span><\/p>\n<p>&#8222;Abstrakcja 01&#8221;,2019 ,Pastel olejny, 70 x 70 cm <strong>Cena 200 PLN.<\/strong><\/p>\n<p><span><img decoding=\"async\" alt=\"\" data-id=\"939\" width=\"270\" data-init-width=\"2560\" height=\"269\" data-init-height=\"2555\" title=\"Rewers paski\" src=\"\/\/baltykart.pl\/wp-content\/uploads\/2026\/04\/Rewers-paski.jpg\" data-width=\"270\" data-height=\"269\" style=\"aspect-ratio: auto 2560 \/ 2555;\" loading=\"lazy\"><\/span><\/p>\n<p>Abstrakcja 02&#8243;,2019 ,Pastel olejny, 70 x 70 cm <strong>Cena 200 PLN.<\/strong><\/p>\n<p><span style=\"\"><img decoding=\"async\" alt=\"\" data-id=\"936\" width=\"269\" data-init-width=\"1455\" height=\"379\" data-init-height=\"2048\" title=\"Trango Tower - Karakoram\" src=\"\/\/baltykart.pl\/wp-content\/uploads\/2026\/04\/Trango-Tower-Karakoram.jpg\" data-width=\"269\" data-height=\"379\" style=\"aspect-ratio: auto 1455 \/ 2048;\" mt-d=\"0\" ml-d=\"-2.9250000000000114\" loading=\"lazy\"><\/span><\/p>\n<p>&#8222;Trango Tower-Karakoram&#8221; 2026, pastel olejny, 100\/70 cm w ramie 80\/110 &nbsp; &nbsp; &nbsp; &nbsp; &nbsp; &nbsp; &nbsp; &nbsp; &nbsp;<strong> Cena 7000 PLN<\/strong>&nbsp;<\/p>\n<p><span style=\"\"><img decoding=\"async\" alt=\"\" data-id=\"935\" width=\"276\" data-init-width=\"512\" height=\"388\" data-init-height=\"720\" title=\"sztorm JK\" src=\"\/\/baltykart.pl\/wp-content\/uploads\/2026\/04\/sztorm-JK.jpg\" data-width=\"276\" data-height=\"388\" style=\"aspect-ratio: auto 512 \/ 720;\" ml-d=\"0\" mt-d=\"-1.1750000000000114\" center-h-d=\"false\" loading=\"lazy\"><\/span><\/p>\n<p>&#8222;Sztorm&#8221; ,2024,pastel olejny,70\/100 cm , &nbsp; &nbsp; &nbsp; &nbsp; w ramie 80\/110 cm &nbsp; &nbsp; &nbsp; &nbsp; &nbsp; &nbsp; &nbsp; &nbsp; &nbsp; &nbsp; &nbsp; &nbsp; &nbsp; &nbsp; &nbsp; &nbsp; &nbsp; &nbsp; &nbsp; &nbsp; &nbsp; &nbsp; &nbsp; &nbsp; &nbsp; &nbsp; &nbsp; &nbsp;<strong> Cena 7000 PLN<\/strong> &nbsp; &nbsp; &nbsp; &nbsp; &nbsp;&nbsp;<\/p>\n<p><span><img decoding=\"async\" alt=\"\" data-id=\"937\" width=\"236\" data-init-width=\"906\" height=\"207\" data-init-height=\"796\" title=\"WhatsApp Image 2026-04-11 at 19.54.09\" src=\"\/\/baltykart.pl\/wp-content\/uploads\/2026\/04\/WhatsApp-Image-2026-04-11-at-19.54.09.jpeg\" data-width=\"236\" data-height=\"207\" style=\"aspect-ratio: auto 906 \/ 796;\" loading=\"lazy\"><\/span><\/p>\n<p>&#8222;Przed burz\u0105&#8221;,2019, 60 \/60 , pastel olejny &nbsp; &nbsp; &nbsp; &nbsp; &nbsp; &nbsp; &nbsp; &nbsp; &nbsp; &nbsp; &nbsp; &nbsp; &nbsp; &nbsp; &nbsp; &nbsp; &nbsp; &nbsp; &nbsp; &nbsp; &nbsp; &nbsp; &nbsp; &nbsp; &nbsp; &nbsp; &nbsp; &nbsp; &nbsp; &nbsp; &nbsp; &nbsp; &nbsp; &nbsp; &nbsp; <strong>Cena &nbsp;4000 PLN. &nbsp; <\/strong>&nbsp; &nbsp; &nbsp;&nbsp;<\/p>\n<h2 style=\"\">Maciej Woltman<\/h2>\n<p><span style=\"\"><img decoding=\"async\" alt=\"\" data-id=\"950\" width=\"450\" data-init-width=\"590\" height=\"361\" data-init-height=\"473\" title=\"WhatsApp Image 2026-04-11 at 19.43.52\" src=\"\/\/baltykart.pl\/wp-content\/uploads\/2026\/04\/WhatsApp-Image-2026-04-11-at-19.43.52.jpeg\" data-width=\"450\" data-height=\"361\" style=\"aspect-ratio: auto 590 \/ 473;\" ml-d=\"0\" mt-d=\"-36\" center-v-d=\"false\" loading=\"lazy\"><\/span><\/p>\n<p>&#8222;Green&#8221;,2010, tech . w\u0142as, akryl, tusz na papierze , 100\/x70 &nbsp; &nbsp; &nbsp; &nbsp; &nbsp; &nbsp; &nbsp; &nbsp; &nbsp; &nbsp; &nbsp; &nbsp; &nbsp; &nbsp; &nbsp; &nbsp; &nbsp; &nbsp; &nbsp; &nbsp; &nbsp; &nbsp; &nbsp; &nbsp; &nbsp; &nbsp; &nbsp; &nbsp; &nbsp; &nbsp; &nbsp; &nbsp; &nbsp; &nbsp; &nbsp; &nbsp; &nbsp; &nbsp; &nbsp; &nbsp; &nbsp; &nbsp; <strong>Cena 4000 PLN. <\/strong><\/p>\n<p><span style=\"\"><img decoding=\"async\" alt=\"\" data-id=\"951\" width=\"308\" data-init-width=\"725\" height=\"268\" data-init-height=\"630\" title=\"pejza\u017c niebieski\" src=\"\/\/baltykart.pl\/wp-content\/uploads\/2026\/04\/pejzaz-niebieski.webp\" data-width=\"308\" data-height=\"268\" style=\"aspect-ratio: auto 725 \/ 630;\" ml-d=\"0\" mt-d=\"-9.775000000000006\" loading=\"lazy\"><\/span><\/p>\n<p>&#8222;Pejza\u017c niebieski&#8221;,2010 ,akryl na kartonie 60\/60 cm &nbsp; &nbsp; &nbsp; &nbsp; &nbsp; &nbsp; &nbsp; &nbsp; &nbsp; &nbsp; &nbsp; &nbsp; &nbsp; &nbsp; &nbsp;<strong>Cena &nbsp;4000 PLN <\/strong>&nbsp; &nbsp;<\/p>\n<h2 style=\"\">Jacek Fr\u0105ckiewicz<\/h2>\n<p><span><img decoding=\"async\" alt=\"\" data-id=\"897\" width=\"439\" data-init-width=\"833\" height=\"331\" data-init-height=\"629\" title=\"JA c Fr\u0105 szukajelenia\" src=\"\/\/baltykart.pl\/wp-content\/uploads\/2026\/04\/JA-c-Fra-szukajelenia.jpg\" data-width=\"439\" data-height=\"331\" style=\"aspect-ratio: auto 833 \/ 629;\" loading=\"lazy\"><\/span><\/p>\n<p>&#8222;Czekaj\u0105c na jelenia I &#8221; , 2022 , akryl na p\u0142\u00f3tnie, 70\/90 cm &nbsp; &nbsp; &nbsp; &nbsp; &nbsp; &nbsp; &nbsp; &nbsp; &nbsp; &nbsp; &nbsp; &nbsp; &nbsp; &nbsp; &nbsp; &nbsp; &nbsp; &nbsp; &nbsp; &nbsp; &nbsp; &nbsp; &nbsp; &nbsp; &nbsp; &nbsp; &nbsp; &nbsp; &nbsp; &nbsp; &nbsp; &nbsp; &nbsp;<strong>&nbsp; Cena &nbsp;7000 PLN.<\/strong> &nbsp; &nbsp; &nbsp; &nbsp;<\/p>\n<p><span><img decoding=\"async\" alt=\"\" data-id=\"898\" width=\"433\" data-init-width=\"769\" height=\"332\" data-init-height=\"589\" title=\"JAF BA\u0142\" src=\"\/\/baltykart.pl\/wp-content\/uploads\/2026\/04\/JAF-BAl.jpg\" data-width=\"433\" data-height=\"332\" style=\"aspect-ratio: auto 769 \/ 589;\" loading=\"lazy\"><\/span><\/p>\n<p>Czekaj\u0105c na jelenia II&#8221; , 2022 , akryl na p\u0142\u00f3tnie, 70\/90 cm &nbsp; &nbsp; &nbsp; &nbsp; &nbsp; &nbsp; &nbsp; &nbsp; &nbsp; &nbsp; &nbsp; &nbsp; &nbsp; &nbsp; &nbsp; &nbsp; &nbsp; &nbsp; &nbsp; &nbsp; &nbsp; &nbsp; &nbsp; &nbsp; &nbsp; &nbsp; &nbsp; &nbsp; &nbsp; &nbsp; &nbsp; &nbsp; &nbsp;<strong>&nbsp; Cena &nbsp;7000 PLN.<\/strong> &nbsp;<\/p>\n<h2 style=\"\">Beata Wilk<\/h2>\n<p><span style=\"\"><img decoding=\"async\" alt=\"\" data-id=\"956\" width=\"227\" data-init-width=\"1153\" height=\"403\" data-init-height=\"2048\" title=\"B Wilk grafika splatane 2\" src=\"\/\/baltykart.pl\/wp-content\/uploads\/2026\/04\/B-Wilk-grafika-splatane-2.jpg\" data-width=\"227\" data-height=\"403\" style=\"aspect-ratio: auto 1153 \/ 2048;\" mt-d=\"-18.174999999999955\" ml-d=\"0\" loading=\"lazy\"><\/span><\/p>\n<p>&#8222;Spl\u0105tanie&#8221; 2023 , 200\/140 cm, poliptyk 4 x 100&#215;70 cm. tusz chi\u0144ski, papier&nbsp; &nbsp; &nbsp; &nbsp; &nbsp; &nbsp; &nbsp; &nbsp; &nbsp; &nbsp; &nbsp; &nbsp; &nbsp; &nbsp; &nbsp; &nbsp; &nbsp; &nbsp; &nbsp;<strong>Cena 10 000 PLN<\/strong><\/p>\n<h2 style=\"\">Magda Wasiczek<\/h2>\n<p><span style=\"\"><img decoding=\"async\" alt=\"\" data-id=\"871\" width=\"353\" data-init-width=\"700\" height=\"471\" data-init-height=\"933\" title=\"Wasiczek o2\" src=\"\/\/baltykart.pl\/wp-content\/uploads\/2026\/03\/Wasiczek-o2.jpg\" data-width=\"353\" data-height=\"471\" style=\"aspect-ratio: auto 700 \/ 933;\" mt-d=\"0\" ml-d=\"-6.274999999999977\" loading=\"lazy\"><\/span><\/p>\n<p>&#8222;Kwiaty I &#8221; 2024, &nbsp;100\/70 , fotografia makro \/ &nbsp; &nbsp; &nbsp; &nbsp; &nbsp; &nbsp; &nbsp; &nbsp; &nbsp; &nbsp; &nbsp; &nbsp; &nbsp; &nbsp; &nbsp; &nbsp; &nbsp; &nbsp; &nbsp; &nbsp; &nbsp; &nbsp; &nbsp; &nbsp; &nbsp; &nbsp;<strong> Cena 2500 PLN &nbsp;<\/strong> &nbsp; &nbsp; &nbsp; &nbsp; &nbsp; &nbsp; &nbsp; &nbsp; &nbsp;<\/p>\n<p><span style=\"\"><img decoding=\"async\" alt=\"\" data-id=\"870\" width=\"360\" data-init-width=\"700\" height=\"480\" data-init-height=\"933\" title=\"Wasiczek 01\" src=\"\/\/baltykart.pl\/wp-content\/uploads\/2026\/03\/Wasiczek-01.jpg\" data-width=\"360\" data-height=\"480\" style=\"aspect-ratio: auto 700 \/ 933;\" mt-d=\"0\" ml-d=\"-13.836999999999989\" loading=\"lazy\"><\/span><\/p>\n<p>&#8222;Kwiaty I I &#8221; 2024, &nbsp;100\/70 , fotografia makro \/ &nbsp; &nbsp; &nbsp; &nbsp; &nbsp; &nbsp; &nbsp; &nbsp; &nbsp; &nbsp; &nbsp; &nbsp; &nbsp; &nbsp; &nbsp; &nbsp; &nbsp; &nbsp; &nbsp; &nbsp; &nbsp; &nbsp; &nbsp; &nbsp; &nbsp; &nbsp;<strong>&nbsp;Cena 2500 PLN &nbsp;<\/strong>&nbsp; &nbsp; &nbsp; &nbsp; &nbsp; &nbsp; &nbsp; &nbsp; &nbsp;<\/p>\n<h2 style=\"\">Kontakt do Sprzedawcy<\/h2>\n<p>\u200b<\/p>\n<h5>Miros\u0142aw Gendaj- &nbsp;mobile: 601 70 47 91<\/h5>\n<h5>Adres mailowy:baltykart.pl@gmail.com<\/h5><\/p>\n","protected":false},"excerpt":{"rendered":"<p>skontaktuj si\u0119 z nami w celu nabycia obraz\u00f3w&nbsp;&nbsp; Galeria111.pl baltkart@gmail.com tel: +48 601 70 47 91 Janusz Kokot &#8222;Pole&#8221;,2026-pastel olejny, 70\/100 cm (w ramie 81 x110 cm) &nbsp; &nbsp; &nbsp; &nbsp; &nbsp; &nbsp; &nbsp; &nbsp; &nbsp; &nbsp; &nbsp; &nbsp; &nbsp; &nbsp; &nbsp; &nbsp; &nbsp; &nbsp; &nbsp; &nbsp; &nbsp; &nbsp; &nbsp; &nbsp;Cena &nbsp;7000 PLN. &#8222;Cytat z [&hellip;]<\/p>\n","protected":false},"author":1,"featured_media":0,"parent":0,"menu_order":0,"comment_status":"closed","ping_status":"closed","template":"","meta":{"footnotes":""},"class_list":["post-918","page","type-page","status-publish","hentry","post-wrapper","thrv_wrapper"],"_links":{"self":[{"href":"https:\/\/baltykart.pl\/index.php?rest_route=\/wp\/v2\/pages\/918","targetHints":{"allow":["GET"]}}],"collection":[{"href":"https:\/\/baltykart.pl\/index.php?rest_route=\/wp\/v2\/pages"}],"about":[{"href":"https:\/\/baltykart.pl\/index.php?rest_route=\/wp\/v2\/types\/page"}],"author":[{"embeddable":true,"href":"https:\/\/baltykart.pl\/index.php?rest_route=\/wp\/v2\/users\/1"}],"replies":[{"embeddable":true,"href":"https:\/\/baltykart.pl\/index.php?rest_route=%2Fwp%2Fv2%2Fcomments&post=918"}],"version-history":[{"count":39,"href":"https:\/\/baltykart.pl\/index.php?rest_route=\/wp\/v2\/pages\/918\/revisions"}],"predecessor-version":[{"id":976,"href":"https:\/\/baltykart.pl\/index.php?rest_route=\/wp\/v2\/pages\/918\/revisions\/976"}],"wp:attachment":[{"href":"https:\/\/baltykart.pl\/index.php?rest_route=%2Fwp%2Fv2%2Fmedia&parent=918"}],"curies":[{"name":"wp","href":"https:\/\/api.w.org\/{rel}","templated":true}]}}