{"id":865,"date":"2026-03-29T16:21:42","date_gmt":"2026-03-29T14:21:42","guid":{"rendered":"https:\/\/baltykart.pl\/?page_id=865"},"modified":"2026-04-15T12:49:58","modified_gmt":"2026-04-15T10:49:58","slug":"magda-wasiczek","status":"publish","type":"page","link":"https:\/\/baltykart.pl\/?page_id=865","title":{"rendered":"Magda Wasiczek"},"content":{"rendered":"<h1 style=\"\">Magda Wasiczek<\/h1>\n<h1 style=\"\">Beata Wilk<\/h1>\n<h1 style=\"\">Beata Wilk<\/h1>\n<h1 style=\"\">Beata Wilk<\/h1>\n<h1 style=\"\">Beata Wilk<\/h1>\n<h1 style=\"\">Beata Wilk<\/h1>\n<h1 style=\"\">Beata Wilk<\/h1>\n<h1 style=\"\">Beata Wilk<\/h1>\n<p><span style=\"\"><img decoding=\"async\" alt=\"\" data-id=\"869\" width=\"367\" data-init-width=\"800\" height=\"323\" data-init-height=\"704\" title=\"foto_Magda2\" src=\"\/\/baltykart.pl\/wp-content\/uploads\/2026\/03\/foto_Magda2.jpg\" data-width=\"367\" data-height=\"323\" style=\"aspect-ratio: auto 800 \/ 704;\" mt-d=\"-13.699000000000012\" ml-d=\"0\" loading=\"lazy\"><\/span><\/p>\n<p>Fotografka. Absolwentka filologii ukrai\u0144skiej na Uniwersytecie Jagiello\u0144skim w Krakowie.&nbsp;Swoje zainteresowania artystyczne realizuje w obszarze fotografii przyrodniczej, florystycznej i ogrodowej, w kt\u00f3rej wypracowa\u0142a sw\u00f3j w\u0142asny oniryczny styl.&nbsp;W kr\u00f3tkim czasie sta\u0142a si\u0119 wp\u0142ywow\u0105 postaci\u0105, wyznaczaj\u0105c\u0105 nowe trendy w makrofotografii.&nbsp;Cz\u0142onkini Programu Ambasador\u00f3w ColorEdge firmy EIZO, kt\u00f3ry reprezentuje tw\u00f3rc\u00f3w zaanga\u017cowanych w inspirowanie i kszta\u0142cenie artyst\u00f3w na ca\u0142ym \u015bwiecie.&nbsp;Od 10 lat jest wyk\u0142adowc\u0105 Akademii Nikona w Polsce.<\/p>\n<p>Laureatka wielu wyr\u00f3\u017cnie\u0144 i nagr\u00f3d w konkursach fotograficznych w kraju i za granic\u0105, w tym w konkursach pod patronatem mi\u0119dzynarodowych organizacji fotograficznych FIAP i PSA. Jest pierwsz\u0105 w historii, potr\u00f3jn\u0105 zdobywczyni\u0105 tytu\u0142u Fotografa Roku (2012, 2015, 2022) w mi\u0119dzynarodowym konkursie International Garden Phtographer Of The Year (IGPOTY) organizowanym od 17 lat w Wielkiej Brytanii pod patronatem Kr\u00f3lewskiego Ogrodu Botanicznego Kew Garden i Kr\u00f3lewskiego Towarzystwa Fotograficznego w Londynie.<\/p>\n<p>&nbsp;Swoje fotografie prezentowa\u0142a na wystawach indywidualnych i zbiorowych w kraju i za granic\u0105 (<a data-saferedirecturl=\"https:\/\/www.google.com\/url?q=http:\/\/m.in&amp;source=gmail&amp;ust=1747244361871000&amp;usg=AOvVaw2x3fHFKeh7IGMCt9ZulJob\" href=\"http:\/\/m.in\/\" target=\"_blank\">m.in<\/a>. w Wielkiej Brytanii, Rosji, Niemczech, Australii, Iranie czy Francji).&nbsp;Publikuje w wielu pismach fotograficznych, ogrodowych i wn\u0119trzarskich.&nbsp;Od 4 lat \u015bci\u015ble wsp\u00f3\u0142pracuje z agencjami z bran\u017cy wydawniczej specjalizuj\u0105cych si\u0119 w projektowaniu ok\u0142adek do ksi\u0105\u017cek.&nbsp;Ma na swoim koncie ponad 400 ok\u0142adek autor\u00f3w polskich i zagranicznych.<\/p>\n<p>Prowadzi warsztaty indywidualne i grupowe dla pasjonat\u00f3w fotografii przyrodniczej oraz dla floryst\u00f3w.<\/p>\n<p><span style=\"\"><img decoding=\"async\" alt=\"\" data-id=\"871\" width=\"350\" data-init-width=\"700\" height=\"467\" data-init-height=\"933\" title=\"Wasiczek o2\" src=\"\/\/baltykart.pl\/wp-content\/uploads\/2026\/03\/Wasiczek-o2.jpg\" data-width=\"350\" data-height=\"467\" style=\"aspect-ratio: auto 700 \/ 933;\" ml-d=\"0\" mt-d=\"-1.6879999999999882\" center-h-d=\"false\" loading=\"lazy\"><\/span><span><img decoding=\"async\" alt=\"\" data-id=\"870\" width=\"350\" data-init-width=\"700\" height=\"467\" data-init-height=\"933\" title=\"Wasiczek 01\" src=\"\/\/baltykart.pl\/wp-content\/uploads\/2026\/03\/Wasiczek-01.jpg\" data-width=\"350\" data-height=\"467\" style=\"aspect-ratio: auto 700 \/ 933;\" loading=\"lazy\"><\/span><span style=\"\"><img decoding=\"async\" alt=\"\" data-id=\"916\" width=\"466\" data-init-width=\"1271\" height=\"750\" data-init-height=\"2048\" title=\"Wasiczek interakcje 04\" src=\"\/\/baltykart.pl\/wp-content\/uploads\/2026\/04\/Wasiczek-interakcje-04.jpg\" data-width=\"466\" data-height=\"750\" style=\"aspect-ratio: auto 1271 \/ 2048;\" mt-d=\"0\" ml-d=\"-33.83699999999999\" center-h-d=\"false\" loading=\"lazy\"><\/span><\/p>\n<h1><span style=\"font-size: 57px !important;\">Galeria INFINITY-Mi\u0119dzyzdroje<\/span>&#8211;<span style=\"font-size: 38px !important;\">Bohater\u00f3w Warszawy 16 E<\/span><\/h1>\n<p><span style=\"\"><img decoding=\"async\" alt=\"\" data-id=\"791\" width=\"1080\" data-init-width=\"2048\" height=\"810\" data-init-height=\"1536\" title=\"Infinity budynek\" src=\"\/\/baltykart.pl\/wp-content\/uploads\/2026\/03\/Infinity-budynek.jpeg\" data-width=\"1080\" data-height=\"810\" style=\"aspect-ratio: auto 2048 \/ 1536;\" mt-d=\"-376\" ml-d=\"0\" center-v-d=\"false\" loading=\"lazy\"><\/span><\/p>\n","protected":false},"excerpt":{"rendered":"<p>Magda Wasiczek Beata Wilk Beata Wilk Beata Wilk Beata Wilk Beata Wilk Beata Wilk Beata Wilk Fotografka. Absolwentka filologii ukrai\u0144skiej na Uniwersytecie Jagiello\u0144skim w Krakowie.&nbsp;Swoje zainteresowania artystyczne realizuje w obszarze fotografii przyrodniczej, florystycznej i ogrodowej, w kt\u00f3rej wypracowa\u0142a sw\u00f3j w\u0142asny oniryczny styl.&nbsp;W kr\u00f3tkim czasie sta\u0142a si\u0119 wp\u0142ywow\u0105 postaci\u0105, wyznaczaj\u0105c\u0105 nowe trendy w makrofotografii.&nbsp;Cz\u0142onkini Programu Ambasador\u00f3w [&hellip;]<\/p>\n","protected":false},"author":1,"featured_media":0,"parent":0,"menu_order":0,"comment_status":"closed","ping_status":"closed","template":"","meta":{"footnotes":""},"class_list":["post-865","page","type-page","status-publish","hentry","post-wrapper","thrv_wrapper"],"_links":{"self":[{"href":"https:\/\/baltykart.pl\/index.php?rest_route=\/wp\/v2\/pages\/865","targetHints":{"allow":["GET"]}}],"collection":[{"href":"https:\/\/baltykart.pl\/index.php?rest_route=\/wp\/v2\/pages"}],"about":[{"href":"https:\/\/baltykart.pl\/index.php?rest_route=\/wp\/v2\/types\/page"}],"author":[{"embeddable":true,"href":"https:\/\/baltykart.pl\/index.php?rest_route=\/wp\/v2\/users\/1"}],"replies":[{"embeddable":true,"href":"https:\/\/baltykart.pl\/index.php?rest_route=%2Fwp%2Fv2%2Fcomments&post=865"}],"version-history":[{"count":5,"href":"https:\/\/baltykart.pl\/index.php?rest_route=\/wp\/v2\/pages\/865\/revisions"}],"predecessor-version":[{"id":917,"href":"https:\/\/baltykart.pl\/index.php?rest_route=\/wp\/v2\/pages\/865\/revisions\/917"}],"wp:attachment":[{"href":"https:\/\/baltykart.pl\/index.php?rest_route=%2Fwp%2Fv2%2Fmedia&parent=865"}],"curies":[{"name":"wp","href":"https:\/\/api.w.org\/{rel}","templated":true}]}}