{"id":764,"date":"2026-03-09T12:00:42","date_gmt":"2026-03-09T11:00:42","guid":{"rendered":"https:\/\/baltykart.pl\/?page_id=764"},"modified":"2026-04-05T15:50:05","modified_gmt":"2026-04-05T13:50:05","slug":"beata-wilk-2","status":"publish","type":"page","link":"https:\/\/baltykart.pl\/?page_id=764","title":{"rendered":"Beata Wilk"},"content":{"rendered":"<h1 style=\"\">Beata Wilk<\/h1>\n<h1 style=\"\">Beata Wilk<\/h1>\n<h1 style=\"\">Beata Wilk<\/h1>\n<h1 style=\"\">Beata Wilk<\/h1>\n<h1 style=\"\">Beata Wilk<\/h1>\n<h1 style=\"\">Beata Wilk<\/h1>\n<h1 style=\"\">Beata Wilk<\/h1>\n<h1 style=\"\">Beata Wilk<\/h1>\n<p><span style=\"\"><img decoding=\"async\" alt=\"\" data-id=\"754\" width=\"367\" data-init-width=\"913\" height=\"450\" data-init-height=\"1120\" title=\"beata wilk\" src=\"\/\/baltykart.pl\/wp-content\/uploads\/2026\/03\/beata-wilk.jpg\" data-width=\"367\" data-height=\"450\" style=\"aspect-ratio: auto 913 \/ 1120;\" mt-d=\"-13.699000000000012\" ml-d=\"0\" loading=\"lazy\"><\/span><\/p>\n<p>Graficzka. Uko\u0144czy\u0142a Wy\u017csz\u0105 Szko\u0142\u0119 Pedagogiczn\u0105 oraz Akademi\u0119 Sztuk Pi\u0119knych w Krakowie. Studiowa\u0142a grafik\u0119 warsztatow\u0105 w Pracowni Miedziorytu prof. Stanis\u0142awa Wejmana, malarstwo w pracowni prof. Zbys\u0142awa Maciejewskiego. Dyplom z wyr\u00f3\u017cnieniem otrzyma\u0142a w Pracowni Liternictwa. Stypendystka Ministra Kultury i Sztuki.<\/p>\n<p>Prowadzi w\u0142asn\u0105 firm\u0119 WILK STUDIO zajmuj\u0105c\u0105 si\u0119 brand designem.&nbsp;Cz\u0142onek Stowarzyszenia Artyst\u00f3w Reklamowych SAR oraz Polskiego Klubu Brandingu.&nbsp;Zdobywca \u201eKreatury\u201d Konkursu Niezale\u017cnej Kreacji w kategorii opakowania.<\/p>\n<p>&nbsp;<\/p>\n<p>Teraz jestem na etapie eksperymentowania, poszukuj\u0119 w\u0142asnych \u015brodk\u00f3w wyrazu, w\u0142asnych narz\u0119dzi. Chc\u0119 uwolni\u0107 ekspresj\u0119, kt\u00f3r\u0105 w sobie odnalaz\u0142am. Praca tw\u00f3rcza pomaga mi odnale\u017a\u0107 spok\u00f3j i ku mojemu zaskoczeniu czuj\u0119, \u017ce mog\u0119 si\u0119 rozwija\u0107.<\/p>\n<p>Przez ostatnie 30 lat zajmowa\u0142am si\u0119 grafik\u0105 u\u017cytkow\u0105. Nast\u0119pne 30 lat zamierzam po\u015bwi\u0119ci\u0107 tw\u00f3rczo\u015bci artystycznej, a potem \u201esi\u0119 zobaczy\u201d.<\/p>\n<p><span style=\"\"><img decoding=\"async\" alt=\"\" data-id=\"755\" width=\"918\" data-init-width=\"1153\" height=\"1631\" data-init-height=\"2048\" title=\"B Wilk grafika splatane 2\" src=\"\/\/baltykart.pl\/wp-content\/uploads\/2026\/03\/B-Wilk-grafika-splatane-2.jpg\" data-width=\"918\" data-height=\"1631\" style=\"aspect-ratio: auto 1153 \/ 2048;\" mt-d=\"-656\" ml-d=\"0\" center-v-d=\"false\" loading=\"lazy\"><\/span><\/p>\n<h1><span style=\"font-size: 57px !important;\">Galeria INFINITY-Mi\u0119dzyzdroje<\/span>&#8211;<span style=\"font-size: 38px !important;\">Bohater\u00f3w Warszawy 16 E<\/span><\/h1>\n<p><span style=\"\"><img decoding=\"async\" alt=\"\" data-id=\"791\" width=\"1080\" data-init-width=\"2048\" height=\"810\" data-init-height=\"1536\" title=\"Infinity budynek\" src=\"\/\/baltykart.pl\/wp-content\/uploads\/2026\/03\/Infinity-budynek.jpeg\" data-width=\"1080\" data-height=\"810\" style=\"aspect-ratio: auto 2048 \/ 1536;\" mt-d=\"-376\" ml-d=\"0\" center-v-d=\"false\" loading=\"lazy\"><\/span><\/p>\n","protected":false},"excerpt":{"rendered":"<p>Beata Wilk Beata Wilk Beata Wilk Beata Wilk Beata Wilk Beata Wilk Beata Wilk Beata Wilk Graficzka. Uko\u0144czy\u0142a Wy\u017csz\u0105 Szko\u0142\u0119 Pedagogiczn\u0105 oraz Akademi\u0119 Sztuk Pi\u0119knych w Krakowie. Studiowa\u0142a grafik\u0119 warsztatow\u0105 w Pracowni Miedziorytu prof. Stanis\u0142awa Wejmana, malarstwo w pracowni prof. Zbys\u0142awa Maciejewskiego. Dyplom z wyr\u00f3\u017cnieniem otrzyma\u0142a w Pracowni Liternictwa. Stypendystka Ministra Kultury i Sztuki. Prowadzi [&hellip;]<\/p>\n","protected":false},"author":1,"featured_media":0,"parent":0,"menu_order":0,"comment_status":"closed","ping_status":"closed","template":"","meta":{"footnotes":""},"class_list":["post-764","page","type-page","status-publish","hentry","post-wrapper","thrv_wrapper"],"_links":{"self":[{"href":"https:\/\/baltykart.pl\/index.php?rest_route=\/wp\/v2\/pages\/764","targetHints":{"allow":["GET"]}}],"collection":[{"href":"https:\/\/baltykart.pl\/index.php?rest_route=\/wp\/v2\/pages"}],"about":[{"href":"https:\/\/baltykart.pl\/index.php?rest_route=\/wp\/v2\/types\/page"}],"author":[{"embeddable":true,"href":"https:\/\/baltykart.pl\/index.php?rest_route=\/wp\/v2\/users\/1"}],"replies":[{"embeddable":true,"href":"https:\/\/baltykart.pl\/index.php?rest_route=%2Fwp%2Fv2%2Fcomments&post=764"}],"version-history":[{"count":17,"href":"https:\/\/baltykart.pl\/index.php?rest_route=\/wp\/v2\/pages\/764\/revisions"}],"predecessor-version":[{"id":907,"href":"https:\/\/baltykart.pl\/index.php?rest_route=\/wp\/v2\/pages\/764\/revisions\/907"}],"wp:attachment":[{"href":"https:\/\/baltykart.pl\/index.php?rest_route=%2Fwp%2Fv2%2Fmedia&parent=764"}],"curies":[{"name":"wp","href":"https:\/\/api.w.org\/{rel}","templated":true}]}}