{"id":708,"date":"2026-03-03T19:35:14","date_gmt":"2026-03-03T18:35:14","guid":{"rendered":"https:\/\/baltykart.pl\/?page_id=708"},"modified":"2026-03-09T18:17:45","modified_gmt":"2026-03-09T17:17:45","slug":"malgorzata-lazarek","status":"publish","type":"page","link":"https:\/\/baltykart.pl\/?page_id=708","title":{"rendered":"Ma\u0142gorzata Lazarek"},"content":{"rendered":"<h1 style=\"\">Ma\u0142gorzata Lazarek<\/h1>\n<h1 style=\"\">Ma\u0142gorzata Lazarek<\/h1>\n<p><span style=\"\"><img decoding=\"async\" alt=\"\" data-id=\"633\" width=\"349\" data-init-width=\"569\" height=\"501\" data-init-height=\"818\" title=\"Lazarek profil\" src=\"\/\/baltykart.pl\/wp-content\/uploads\/2026\/03\/Lazarek-profil.jpeg\" data-width=\"349\" data-height=\"501\" style=\"aspect-ratio: auto 569 \/ 818;\" mt-d=\"0\" ml-d=\"-1.3879999999999768\" center-v-d=\"false\" loading=\"lazy\"><\/span><\/p>\n<p style=\"\">Ma\u0142gorzata Lazarek \u2013 absolwentka Akademii Sztuk Pi\u0119knych w Krakowie, Wydzia\u0142u Grafiki w Katowicach. Uhonorowana medalem uczelni za ca\u0142okszta\u0142t pracy artystycznej. Zdoby\u0142a tak\u017ce g\u0142\u00f3wn\u0105 nagrod\u0119 na Biennale Rysunku Studenckiego.<\/p>\n<p style=\"\">Pracowa\u0142a jako nauczycielka w Liceum Plastycznym oraz redaktorka graficzna w \u201eSuper Expressie\u201d. Jej rysunki ukazywa\u0142y si\u0119 w licznych czasopismach krajowych.<\/p>\n<p style=\"\">Wielokrotnie nagradzana w konkursach w Polsce i za granic\u0105 \u2013 jest dwunastokrotn\u0105 laureatk\u0105 Mi\u0119dzynarodowej Wystawy Rysunku Satyrycznego \u201eSatyrykon\u201d w Legnicy. Otrzyma\u0142a wyr\u00f3\u017cnienia w konkursach ZPAP na \u201eObraz Roku\u201d oraz presti\u017cow\u0105 nagrod\u0119 \u201ePi\u0119kniejsza Polska\u201d jako jedyna nagrodzona kobieta. Przez wiele lat wsp\u00f3\u0142pracowa\u0142a z francusk\u0105 galeri\u0105 Vent West. Jej prace by\u0142y prezentowane m.in. na Uniwersytecie w Tbilisi oraz w Medell\u00edn w Kolumbii. Dzi\u0119ki obecno\u015bci w mediach spo\u0142eczno\u015bciowych zosta\u0142a autork\u0105 ok\u0142adki p\u0142yty kanadyjskiej wokalistki Sylvie Paquette.<\/p>\n<p style=\"\">Tworzy w dziedzinie malarstwa, rysunku i ilustracji. Inspiracje czerpie z codziennych emocji \u2013 gest, ekspresja i kolor staj\u0105 si\u0119 dla niej j\u0119zykiem wewn\u0119trznych opowie\u015bci, kt\u00f3re nieustannie zmieniaj\u0105 si\u0119 wraz z rytmem \u017cycia.<\/p>\n<p style=\"\">\n<p><span style=\"\"><img decoding=\"async\" alt=\"\" data-id=\"716\" width=\"349\" data-init-width=\"1088\" height=\"514\" data-init-height=\"1600\" title=\"Lazarem M04\" src=\"\/\/baltykart.pl\/wp-content\/uploads\/2026\/03\/Lazarem-M04.jpeg\" data-width=\"349\" data-height=\"514\" style=\"aspect-ratio: auto 1088 \/ 1600;\" ml-d=\"0\" mt-d=\"-8.812999999999988\" loading=\"lazy\"><\/span><span><img decoding=\"async\" alt=\"\" data-id=\"715\" width=\"351\" data-init-width=\"1574\" height=\"357\" data-init-height=\"1600\" title=\"Lazarem M 06\" src=\"\/\/baltykart.pl\/wp-content\/uploads\/2026\/03\/Lazarem-M-06.jpeg\" data-width=\"351\" data-height=\"357\" style=\"aspect-ratio: auto 1574 \/ 1600;\" loading=\"lazy\"><\/span><span style=\"\"><img decoding=\"async\" alt=\"\" data-id=\"816\" width=\"350\" data-init-width=\"1224\" height=\"498\" data-init-height=\"1743\" title=\"ONI\" src=\"\/\/baltykart.pl\/wp-content\/uploads\/2026\/03\/ONI.jpg\" data-width=\"350\" data-height=\"498\" style=\"aspect-ratio: auto 1224 \/ 1743;\" mt-d=\"-1.9379999999999882\" ml-d=\"0\" loading=\"lazy\"><\/span><span style=\"\"><img decoding=\"async\" alt=\"\" data-id=\"713\" width=\"515\" data-init-width=\"1600\" height=\"351\" data-init-height=\"1090\" title=\"Lazarek M 03\" src=\"\/\/baltykart.pl\/wp-content\/uploads\/2026\/03\/Lazarek-M-03.jpeg\" data-width=\"515\" data-height=\"351\" style=\"aspect-ratio: auto 1600 \/ 1090;\" mt-d=\"0\" ml-d=\"-90.01299999999998\" loading=\"lazy\"><\/span><\/p>\n<p><span style=\"\"><img decoding=\"async\" alt=\"\" data-id=\"712\" width=\"350\" data-init-width=\"1114\" height=\"503\" data-init-height=\"1600\" title=\"Lazarek M 02\" src=\"\/\/baltykart.pl\/wp-content\/uploads\/2026\/03\/Lazarek-M-02.jpeg\" data-width=\"350\" data-height=\"503\" style=\"aspect-ratio: auto 1114 \/ 1600;\" mt-d=\"-1\" ml-d=\"0\" loading=\"lazy\"><\/span><span style=\"\"><img decoding=\"async\" alt=\"\" data-id=\"711\" width=\"609\" data-init-width=\"1600\" height=\"355\" data-init-height=\"933\" title=\"Lazarek m )7\" src=\"\/\/baltykart.pl\/wp-content\/uploads\/2026\/03\/Lazarek-m-7.jpeg\" data-width=\"609\" data-height=\"355\" style=\"aspect-ratio: auto 1600 \/ 933;\" mt-d=\"0\" ml-d=\"-3.4250000000000114\" loading=\"lazy\"><\/span><\/p>\n<h1><span style=\"font-size: 57px !important;\">Galeria INFINITY-Mi\u0119dzyzdroje<\/span>&#8211;<span style=\"font-size: 38px !important;\">Bohater\u00f3w Warszawy 16 E<\/span><\/h1>\n<p><span style=\"\"><img decoding=\"async\" alt=\"\" data-id=\"791\" width=\"1080\" data-init-width=\"2048\" height=\"810\" data-init-height=\"1536\" title=\"Infinity budynek\" src=\"\/\/baltykart.pl\/wp-content\/uploads\/2026\/03\/Infinity-budynek.jpeg\" data-width=\"1080\" data-height=\"810\" style=\"aspect-ratio: auto 2048 \/ 1536;\" ml-d=\"0\" mt-d=\"-326\" center-v-d=\"false\" loading=\"lazy\"><\/span><\/p>\n","protected":false},"excerpt":{"rendered":"<p>Ma\u0142gorzata Lazarek Ma\u0142gorzata Lazarek Ma\u0142gorzata Lazarek \u2013 absolwentka Akademii Sztuk Pi\u0119knych w Krakowie, Wydzia\u0142u Grafiki w Katowicach. Uhonorowana medalem uczelni za ca\u0142okszta\u0142t pracy artystycznej. Zdoby\u0142a tak\u017ce g\u0142\u00f3wn\u0105 nagrod\u0119 na Biennale Rysunku Studenckiego. Pracowa\u0142a jako nauczycielka w Liceum Plastycznym oraz redaktorka graficzna w \u201eSuper Expressie\u201d. Jej rysunki ukazywa\u0142y si\u0119 w licznych czasopismach krajowych. Wielokrotnie nagradzana w [&hellip;]<\/p>\n","protected":false},"author":1,"featured_media":0,"parent":0,"menu_order":0,"comment_status":"closed","ping_status":"closed","template":"","meta":{"footnotes":""},"class_list":["post-708","page","type-page","status-publish","hentry","post-wrapper","thrv_wrapper"],"_links":{"self":[{"href":"https:\/\/baltykart.pl\/index.php?rest_route=\/wp\/v2\/pages\/708","targetHints":{"allow":["GET"]}}],"collection":[{"href":"https:\/\/baltykart.pl\/index.php?rest_route=\/wp\/v2\/pages"}],"about":[{"href":"https:\/\/baltykart.pl\/index.php?rest_route=\/wp\/v2\/types\/page"}],"author":[{"embeddable":true,"href":"https:\/\/baltykart.pl\/index.php?rest_route=\/wp\/v2\/users\/1"}],"replies":[{"embeddable":true,"href":"https:\/\/baltykart.pl\/index.php?rest_route=%2Fwp%2Fv2%2Fcomments&post=708"}],"version-history":[{"count":11,"href":"https:\/\/baltykart.pl\/index.php?rest_route=\/wp\/v2\/pages\/708\/revisions"}],"predecessor-version":[{"id":827,"href":"https:\/\/baltykart.pl\/index.php?rest_route=\/wp\/v2\/pages\/708\/revisions\/827"}],"wp:attachment":[{"href":"https:\/\/baltykart.pl\/index.php?rest_route=%2Fwp%2Fv2%2Fmedia&parent=708"}],"curies":[{"name":"wp","href":"https:\/\/api.w.org\/{rel}","templated":true}]}}