{"id":660,"date":"2026-03-03T14:42:08","date_gmt":"2026-03-03T13:42:08","guid":{"rendered":"https:\/\/baltykart.pl\/?page_id=660"},"modified":"2026-04-05T15:42:49","modified_gmt":"2026-04-05T13:42:49","slug":"jacek-frackiewicz","status":"publish","type":"page","link":"https:\/\/baltykart.pl\/?page_id=660","title":{"rendered":"Jacek Frackiewicz"},"content":{"rendered":"<h1 style=\"\">Jacek Fr\u0105ckiewicz<\/h1>\n<h1 style=\"\">Jacek Fr\u0105ckiewicz<\/h1>\n<p><span style=\"\"><img decoding=\"async\" alt=\"\" data-id=\"663\" width=\"285\" data-init-width=\"480\" height=\"380\" data-init-height=\"640\" title=\"Jacek_Frackiewicz profil\" src=\"\/\/baltykart.pl\/wp-content\/uploads\/2026\/03\/Jacek_Frackiewicz-profil.jpg\" data-width=\"285\" data-height=\"380\" style=\"aspect-ratio: auto 480 \/ 640;\" mt-d=\"-53\" ml-d=\"0\" center-v-d=\"false\" loading=\"lazy\"><\/span><\/p>\n<p style=\"\"><strong>Malarz, grafik, ilustrator. Studia na Wydziale Artystycznym WSP w Cz\u0119stochowie. Dyplom z wyr\u00f3\u017cnieniem (Grafika warsztatowa) w pracowni prof. G. Banaszkiewicza i prof. R. Osadczego. Bra\u0142 udzia\u0142 w ponad 450 wystawach w Polsce, Europie, Azji, Ameryce Po\u0142udniowej i P\u00f3\u0142nocnej. 75 wystaw indywidualnych (Polska, Niemcy, Austria, Szwecja, W\u0142ochy, Ukraina, Chorwacja, Serbia i Czarnog\u00f3ra), 39 nagr\u00f3d i wyr\u00f3\u017cnie\u0144, stypendium MKiS, liczne publikacje prasowe.<\/strong><\/p>\n<p><span style=\"\"><img decoding=\"async\" alt=\"\" data-id=\"898\" width=\"378\" data-init-width=\"769\" height=\"289\" data-init-height=\"589\" title=\"JAF BA\u0142\" src=\"\/\/baltykart.pl\/wp-content\/uploads\/2026\/04\/JAF-BAl.jpg\" data-width=\"378\" data-height=\"289\" style=\"aspect-ratio: auto 769 \/ 589;\" ml-d=\"-2.5500000000000114\" mt-d=\"0\" loading=\"lazy\"><\/span><span style=\"\"><img decoding=\"async\" alt=\"\" data-id=\"897\" width=\"382\" data-init-width=\"833\" height=\"289\" data-init-height=\"629\" title=\"JA c Fr\u0105 szukajelenia\" src=\"\/\/baltykart.pl\/wp-content\/uploads\/2026\/04\/JA-c-Fra-szukajelenia.jpg\" data-width=\"382\" data-height=\"289\" style=\"aspect-ratio: auto 833 \/ 629;\" ml-d=\"-1.3249999999999886\" mt-d=\"0\" loading=\"lazy\"><\/span><span style=\"\"><img decoding=\"async\" alt=\"\" data-id=\"668\" width=\"392\" data-init-width=\"500\" height=\"294\" data-init-height=\"375\" title=\"Jacek-na-pazy-70x90,2004\" src=\"\/\/baltykart.pl\/wp-content\/uploads\/2026\/03\/Jacek-na-pazy-70x902004-1.jpg\" data-width=\"392\" data-height=\"294\" style=\"aspect-ratio: auto 500 \/ 375;\" mt-d=\"0\" ml-d=\"-1.9250000000000114\" loading=\"lazy\"><\/span><\/p>\n<h1><span style=\"font-size: 57px !important;\">Galeria INFINITY-Mi\u0119dzyzdroje<\/span>&#8211;<span style=\"font-size: 38px !important;\">Bohater\u00f3w Warszawy 16 E<\/span><\/h1>\n<p><span style=\"\"><img decoding=\"async\" alt=\"\" data-id=\"791\" width=\"1080\" data-init-width=\"2048\" height=\"810\" data-init-height=\"1536\" title=\"Infinity budynek\" src=\"\/\/baltykart.pl\/wp-content\/uploads\/2026\/03\/Infinity-budynek.jpeg\" data-width=\"1080\" data-height=\"810\" style=\"aspect-ratio: auto 2048 \/ 1536;\" ml-d=\"0\" mt-d=\"-368\" center-v-d=\"false\" loading=\"lazy\"><\/span><\/p>\n","protected":false},"excerpt":{"rendered":"<p>Jacek Fr\u0105ckiewicz Jacek Fr\u0105ckiewicz Malarz, grafik, ilustrator. Studia na Wydziale Artystycznym WSP w Cz\u0119stochowie. Dyplom z wyr\u00f3\u017cnieniem (Grafika warsztatowa) w pracowni prof. G. Banaszkiewicza i prof. R. Osadczego. Bra\u0142 udzia\u0142 w ponad 450 wystawach w Polsce, Europie, Azji, Ameryce Po\u0142udniowej i P\u00f3\u0142nocnej. 75 wystaw indywidualnych (Polska, Niemcy, Austria, Szwecja, W\u0142ochy, Ukraina, Chorwacja, Serbia i Czarnog\u00f3ra), [&hellip;]<\/p>\n","protected":false},"author":1,"featured_media":0,"parent":0,"menu_order":0,"comment_status":"closed","ping_status":"closed","template":"","meta":{"footnotes":""},"class_list":["post-660","page","type-page","status-publish","hentry","post-wrapper","thrv_wrapper"],"_links":{"self":[{"href":"https:\/\/baltykart.pl\/index.php?rest_route=\/wp\/v2\/pages\/660","targetHints":{"allow":["GET"]}}],"collection":[{"href":"https:\/\/baltykart.pl\/index.php?rest_route=\/wp\/v2\/pages"}],"about":[{"href":"https:\/\/baltykart.pl\/index.php?rest_route=\/wp\/v2\/types\/page"}],"author":[{"embeddable":true,"href":"https:\/\/baltykart.pl\/index.php?rest_route=\/wp\/v2\/users\/1"}],"replies":[{"embeddable":true,"href":"https:\/\/baltykart.pl\/index.php?rest_route=%2Fwp%2Fv2%2Fcomments&post=660"}],"version-history":[{"count":15,"href":"https:\/\/baltykart.pl\/index.php?rest_route=\/wp\/v2\/pages\/660\/revisions"}],"predecessor-version":[{"id":901,"href":"https:\/\/baltykart.pl\/index.php?rest_route=\/wp\/v2\/pages\/660\/revisions\/901"}],"wp:attachment":[{"href":"https:\/\/baltykart.pl\/index.php?rest_route=%2Fwp%2Fv2%2Fmedia&parent=660"}],"curies":[{"name":"wp","href":"https:\/\/api.w.org\/{rel}","templated":true}]}}