{"id":620,"date":"2026-03-03T15:01:55","date_gmt":"2026-03-03T14:01:55","guid":{"rendered":"https:\/\/baltykart.pl\/?page_id=620"},"modified":"2026-03-30T22:54:42","modified_gmt":"2026-03-30T20:54:42","slug":"artysci","status":"publish","type":"page","link":"https:\/\/baltykart.pl\/?page_id=620","title":{"rendered":"Arty\u015bci"},"content":{"rendered":"<h1 style=\"\"><\/h1>\n<h1>Arty\u015bci prezentuj\u0105cy prace w Galerii Baltick Infinity<\/h1>\n<p><strong>Arty\u015bci reprezentuj\u0105cy galeri\u0119 &nbsp;INFINITY: Janusz Kokot, Jacek Fr\u0105ckiewicz, , Micha\u0142 Bojarowicz, Beata Wilk, Maciej Woltman<\/strong><\/p>\n<p><span><a href=\"https:\/\/baltykart.pl\/?page_id=660\" target=\"_blank\"><img decoding=\"async\" alt=\"\" data-id=\"663\" width=\"350\" data-init-width=\"480\" height=\"467\" data-init-height=\"640\" title=\"Jacek_Frackiewicz profil\" src=\"\/\/baltykart.pl\/wp-content\/uploads\/2026\/03\/Jacek_Frackiewicz-profil.jpg\" data-width=\"350\" data-height=\"467\" style=\"aspect-ratio: auto 480 \/ 640;\" data-link-wrap=\"true\" loading=\"lazy\"><\/a><\/span><\/p>\n<p><a href=\"https:\/\/baltykart.pl\/?page_id=660\" target=\"_blank\">Jacek Fr\u0105ckiewicz<\/a><\/p>\n<p><span style=\"\"><a href=\"https:\/\/baltykart.pl\/?page_id=637\" target=\"_blank\"><img decoding=\"async\" alt=\"\" data-id=\"632\" width=\"350\" data-init-width=\"1082\" height=\"519\" data-init-height=\"1604\" title=\"janusz kokot prof\" src=\"\/\/baltykart.pl\/wp-content\/uploads\/2026\/03\/janusz-kokot-prof.jpeg\" data-width=\"350\" data-height=\"519\" style=\"aspect-ratio: auto 1082 \/ 1604;\" mt-d=\"-5.512000000000057\" ml-d=\"0\" data-link-wrap=\"true\" center-v-d=\"false\" loading=\"lazy\"><\/a><\/span><\/p>\n<p><a href=\"https:\/\/baltykart.pl\/?page_id=637\" target=\"_blank\">Janusz kokot<\/a><\/p>\n<p><span style=\"\"><a href=\"https:\/\/baltykart.pl\/?page_id=865\" target=\"_blank\"><img decoding=\"async\" alt=\"\" data-id=\"869\" width=\"515\" data-init-width=\"800\" height=\"453\" data-init-height=\"704\" title=\"foto_Magda2\" src=\"\/\/baltykart.pl\/wp-content\/uploads\/2026\/03\/foto_Magda2.jpg\" data-width=\"515\" data-height=\"453\" style=\"aspect-ratio: auto 800 \/ 704;\" mt-d=\"0\" ml-d=\"-107.86200000000002\" center-v-d=\"false\" data-link-wrap=\"true\" center-h-d=\"false\" loading=\"lazy\"><\/a><\/span><\/p>\n<p><a href=\"https:\/\/baltykart.pl\/?page_id=865\" target=\"_blank\">Magda Wasiczek<\/a><\/p>\n<p><span style=\"\"><a href=\"https:\/\/baltykart.pl\/?page_id=660\" target=\"_blank\"><img decoding=\"async\" alt=\"\" data-id=\"754\" width=\"382\" data-init-width=\"913\" height=\"468\" data-init-height=\"1120\" title=\"beata wilk\" src=\"\/\/baltykart.pl\/wp-content\/uploads\/2026\/03\/beata-wilk.jpg\" data-width=\"382\" data-height=\"468\" style=\"aspect-ratio: auto 913 \/ 1120;\" data-link-wrap=\"true\" ml-d=\"0\" mt-d=\"0\" center-h-d=\"false\" loading=\"lazy\"><\/a><\/span><\/p>\n<p>Beata Wilk<\/p>\n<p><span style=\"\"><a href=\"https:\/\/baltykart.pl\/?page_id=637\" target=\"_blank\"><img decoding=\"async\" alt=\"\" data-id=\"758\" width=\"354\" data-init-width=\"500\" height=\"466\" data-init-height=\"659\" title=\"OLYMPUS DIGITAL CAMERA\" src=\"\/\/baltykart.pl\/wp-content\/uploads\/2026\/03\/M-Woltman-profil.jpg\" data-width=\"354\" data-height=\"466\" style=\"aspect-ratio: auto 500 \/ 659;\" mt-d=\"0\" ml-d=\"-1.25\" data-link-wrap=\"true\" center-v-d=\"false\" loading=\"lazy\"><\/a><\/span><\/p>\n<p>Maciej Woltman<\/p>\n<p><span style=\"\"><a href=\"https:\/\/baltykart.pl\/?page_id=708\" target=\"_blank\"><img decoding=\"async\" alt=\"\" data-id=\"760\" width=\"350\" data-init-width=\"582\" height=\"487\" data-init-height=\"810\" title=\"M B prf\" src=\"\/\/baltykart.pl\/wp-content\/uploads\/2026\/03\/M-B-prf.jpeg\" data-width=\"350\" data-height=\"487\" style=\"aspect-ratio: auto 582 \/ 810;\" mt-d=\"-2\" ml-d=\"0\" center-v-d=\"false\" data-link-wrap=\"true\" loading=\"lazy\"><\/a><\/span><\/p>\n<p>Micha\u0142 Bajsarowicz<\/p>\n<p><span style=\"\"><img decoding=\"async\" alt=\"\" data-id=\"791\" width=\"1080\" data-init-width=\"2048\" height=\"810\" data-init-height=\"1536\" title=\"Infinity budynek\" src=\"\/\/baltykart.pl\/wp-content\/uploads\/2026\/03\/Infinity-budynek.jpeg\" data-width=\"1080\" data-height=\"810\" style=\"aspect-ratio: auto 2048 \/ 1536;\" mt-d=\"-288\" ml-d=\"0\" center-v-d=\"false\" loading=\"lazy\"><\/span><\/p>\n","protected":false},"excerpt":{"rendered":"<p>Arty\u015bci prezentuj\u0105cy prace w Galerii Baltick Infinity Arty\u015bci reprezentuj\u0105cy galeri\u0119 &nbsp;INFINITY: Janusz Kokot, Jacek Fr\u0105ckiewicz, , Micha\u0142 Bojarowicz, Beata Wilk, Maciej Woltman Jacek Fr\u0105ckiewicz Janusz kokot Magda Wasiczek Beata Wilk Maciej Woltman Micha\u0142 Bajsarowicz<\/p>\n","protected":false},"author":1,"featured_media":0,"parent":0,"menu_order":0,"comment_status":"closed","ping_status":"closed","template":"","meta":{"footnotes":""},"class_list":["post-620","page","type-page","status-publish","hentry","post-wrapper","thrv_wrapper"],"_links":{"self":[{"href":"https:\/\/baltykart.pl\/index.php?rest_route=\/wp\/v2\/pages\/620","targetHints":{"allow":["GET"]}}],"collection":[{"href":"https:\/\/baltykart.pl\/index.php?rest_route=\/wp\/v2\/pages"}],"about":[{"href":"https:\/\/baltykart.pl\/index.php?rest_route=\/wp\/v2\/types\/page"}],"author":[{"embeddable":true,"href":"https:\/\/baltykart.pl\/index.php?rest_route=\/wp\/v2\/users\/1"}],"replies":[{"embeddable":true,"href":"https:\/\/baltykart.pl\/index.php?rest_route=%2Fwp%2Fv2%2Fcomments&post=620"}],"version-history":[{"count":50,"href":"https:\/\/baltykart.pl\/index.php?rest_route=\/wp\/v2\/pages\/620\/revisions"}],"predecessor-version":[{"id":890,"href":"https:\/\/baltykart.pl\/index.php?rest_route=\/wp\/v2\/pages\/620\/revisions\/890"}],"wp:attachment":[{"href":"https:\/\/baltykart.pl\/index.php?rest_route=%2Fwp%2Fv2%2Fmedia&parent=620"}],"curies":[{"name":"wp","href":"https:\/\/api.w.org\/{rel}","templated":true}]}}